{"id":26,"date":"2026-02-09T07:42:50","date_gmt":"2026-02-09T07:42:50","guid":{"rendered":"http:\/\/hospitality1.123websitedev.com\/?page_id=26"},"modified":"2026-03-06T04:39:49","modified_gmt":"2026-03-06T04:39:49","slug":"trang-chu","status":"publish","type":"page","link":"https:\/\/ddhospitality.vn\/en\/","title":{"rendered":"Homepage"},"content":{"rendered":"","protected":false},"excerpt":{"rendered":"","protected":false},"author":1,"featured_media":265,"parent":0,"menu_order":0,"comment_status":"closed","ping_status":"closed","template":"page-templates\/page-homepage.php","meta":{"_acf_changed":false,"footnotes":""},"class_list":["post-26","page","type-page","status-publish","has-post-thumbnail","hentry"],"acf":[],"yoast_head":"<!-- This site is optimized with the Yoast SEO Premium plugin v20.9 (Yoast SEO v20.9) - https:\/\/yoast.com\/wordpress\/plugins\/seo\/ -->\n<title>DD Hospitality<\/title>\n<meta name=\"description\" content=\"Tri\u1ebft l\u00fd c\u1ee7a DDH t\u1eadp trung v\u00e0o vi\u1ec7c t\u1ea1o ra nh\u1eefng kh\u00f4ng gian b\u1ec1n v\u1eefng th\u00f4ng qua th\u1ef1c h\u00e0nh c\u00f3 tr\u00e1ch nhi\u1ec7m v\u00e0 thi\u1ebft k\u1ebf cao c\u1ea5p.\" \/>\n<meta name=\"robots\" content=\"index, follow, max-snippet:-1, max-image-preview:large, max-video-preview:-1\" \/>\n<link rel=\"canonical\" href=\"https:\/\/ddhospitality.vn\/en\/\" \/>\n<meta property=\"og:locale\" content=\"en_US\" \/>\n<meta property=\"og:type\" content=\"article\" \/>\n<meta property=\"og:title\" content=\"DD Hospitality\" \/>\n<meta property=\"og:description\" content=\"Tri\u1ebft l\u00fd c\u1ee7a DDH t\u1eadp trung v\u00e0o vi\u1ec7c t\u1ea1o ra nh\u1eefng kh\u00f4ng gian b\u1ec1n v\u1eefng th\u00f4ng qua th\u1ef1c h\u00e0nh c\u00f3 tr\u00e1ch nhi\u1ec7m v\u00e0 thi\u1ebft k\u1ebf cao c\u1ea5p. Ch\u00fang t\u00f4i thu h\u1eb9p kho\u1ea3ng c\u00e1ch gi\u1eefa t\u1ea7m nh\u00ecn ki\u1ebfn tr\u00fac v\u00e0 kh\u1ea3 n\u0103ng v\u1eadn h\u00e0nh th\u01b0\u01a1ng m\u1ea1i.\" \/>\n<meta property=\"og:url\" content=\"https:\/\/ddhospitality.vn\/en\/\" \/>\n<meta property=\"og:site_name\" content=\"DD Hospitality\" \/>\n<meta property=\"article:modified_time\" content=\"2026-03-06T04:39:49+00:00\" \/>\n<meta property=\"og:image\" content=\"https:\/\/ddhospitality.vn\/wp-content\/uploads\/2026\/03\/6-1024x688.png\" \/>\n\t<meta property=\"og:image:width\" content=\"1024\" \/>\n\t<meta property=\"og:image:height\" content=\"688\" \/>\n\t<meta property=\"og:image:type\" content=\"image\/png\" \/>\n<meta name=\"twitter:card\" content=\"summary_large_image\" \/>\n<meta name=\"twitter:title\" content=\"DD Hospitality\" \/>\n<meta name=\"twitter:description\" content=\"Tri\u1ebft l\u00fd c\u1ee7a DDH t\u1eadp trung v\u00e0o vi\u1ec7c t\u1ea1o ra nh\u1eefng kh\u00f4ng gian b\u1ec1n v\u1eefng th\u00f4ng qua th\u1ef1c h\u00e0nh c\u00f3 tr\u00e1ch nhi\u1ec7m v\u00e0 thi\u1ebft k\u1ebf cao c\u1ea5p. Ch\u00fang t\u00f4i thu h\u1eb9p kho\u1ea3ng c\u00e1ch gi\u1eefa t\u1ea7m nh\u00ecn ki\u1ebfn tr\u00fac v\u00e0 kh\u1ea3 n\u0103ng v\u1eadn h\u00e0nh th\u01b0\u01a1ng m\u1ea1i.\" \/>\n<script type=\"application\/ld+json\" class=\"yoast-schema-graph\">{\"@context\":\"https:\/\/schema.org\",\"@graph\":[{\"@type\":\"WebPage\",\"@id\":\"https:\/\/ddhospitality.vn\/\",\"url\":\"https:\/\/ddhospitality.vn\/\",\"name\":\"DD Hospitality\",\"isPartOf\":{\"@id\":\"https:\/\/ddhospitality.vn\/#website\"},\"datePublished\":\"2026-02-09T07:42:50+00:00\",\"dateModified\":\"2026-03-06T04:39:49+00:00\",\"description\":\"Tri\u1ebft l\u00fd c\u1ee7a DDH t\u1eadp trung v\u00e0o vi\u1ec7c t\u1ea1o ra nh\u1eefng kh\u00f4ng gian b\u1ec1n v\u1eefng th\u00f4ng qua th\u1ef1c h\u00e0nh c\u00f3 tr\u00e1ch nhi\u1ec7m v\u00e0 thi\u1ebft k\u1ebf cao c\u1ea5p.\",\"breadcrumb\":{\"@id\":\"https:\/\/ddhospitality.vn\/#breadcrumb\"},\"inLanguage\":\"en-US\",\"potentialAction\":[{\"@type\":\"ReadAction\",\"target\":[\"https:\/\/ddhospitality.vn\/\"]}]},{\"@type\":\"BreadcrumbList\",\"@id\":\"https:\/\/ddhospitality.vn\/#breadcrumb\",\"itemListElement\":[{\"@type\":\"ListItem\",\"position\":1,\"name\":\"Trang ch\u1ee7\",\"item\":\"https:\/\/ddhospitality.vn\/\"},{\"@type\":\"ListItem\",\"position\":2,\"name\":\"Trang ch\u1ee7\"}]},{\"@type\":\"WebSite\",\"@id\":\"https:\/\/ddhospitality.vn\/#website\",\"url\":\"https:\/\/ddhospitality.vn\/\",\"name\":\"DD Hospitality\",\"description\":\"\",\"potentialAction\":[{\"@type\":\"SearchAction\",\"target\":{\"@type\":\"EntryPoint\",\"urlTemplate\":\"https:\/\/ddhospitality.vn\/?s={search_term_string}\"},\"query-input\":\"required name=search_term_string\"}],\"inLanguage\":\"en-US\"}]}<\/script>\n<!-- \/ Yoast SEO Premium plugin. -->","yoast_head_json":{"title":"DD Hospitality","description":"Tri\u1ebft l\u00fd c\u1ee7a DDH t\u1eadp trung v\u00e0o vi\u1ec7c t\u1ea1o ra nh\u1eefng kh\u00f4ng gian b\u1ec1n v\u1eefng th\u00f4ng qua th\u1ef1c h\u00e0nh c\u00f3 tr\u00e1ch nhi\u1ec7m v\u00e0 thi\u1ebft k\u1ebf cao c\u1ea5p.","robots":{"index":"index","follow":"follow","max-snippet":"max-snippet:-1","max-image-preview":"max-image-preview:large","max-video-preview":"max-video-preview:-1"},"canonical":"https:\/\/ddhospitality.vn\/en\/","og_locale":"en_US","og_type":"article","og_title":"DD Hospitality","og_description":"Tri\u1ebft l\u00fd c\u1ee7a DDH t\u1eadp trung v\u00e0o vi\u1ec7c t\u1ea1o ra nh\u1eefng kh\u00f4ng gian b\u1ec1n v\u1eefng th\u00f4ng qua th\u1ef1c h\u00e0nh c\u00f3 tr\u00e1ch nhi\u1ec7m v\u00e0 thi\u1ebft k\u1ebf cao c\u1ea5p. Ch\u00fang t\u00f4i thu h\u1eb9p kho\u1ea3ng c\u00e1ch gi\u1eefa t\u1ea7m nh\u00ecn ki\u1ebfn tr\u00fac v\u00e0 kh\u1ea3 n\u0103ng v\u1eadn h\u00e0nh th\u01b0\u01a1ng m\u1ea1i.","og_url":"https:\/\/ddhospitality.vn\/en\/","og_site_name":"DD Hospitality","article_modified_time":"2026-03-06T04:39:49+00:00","og_image":[{"width":1024,"height":688,"url":"https:\/\/ddhospitality.vn\/wp-content\/uploads\/2026\/03\/6-1024x688.png","type":"image\/png"}],"twitter_card":"summary_large_image","twitter_title":"DD Hospitality","twitter_description":"Tri\u1ebft l\u00fd c\u1ee7a DDH t\u1eadp trung v\u00e0o vi\u1ec7c t\u1ea1o ra nh\u1eefng kh\u00f4ng gian b\u1ec1n v\u1eefng th\u00f4ng qua th\u1ef1c h\u00e0nh c\u00f3 tr\u00e1ch nhi\u1ec7m v\u00e0 thi\u1ebft k\u1ebf cao c\u1ea5p. Ch\u00fang t\u00f4i thu h\u1eb9p kho\u1ea3ng c\u00e1ch gi\u1eefa t\u1ea7m nh\u00ecn ki\u1ebfn tr\u00fac v\u00e0 kh\u1ea3 n\u0103ng v\u1eadn h\u00e0nh th\u01b0\u01a1ng m\u1ea1i.","schema":{"@context":"https:\/\/schema.org","@graph":[{"@type":"WebPage","@id":"https:\/\/ddhospitality.vn\/","url":"https:\/\/ddhospitality.vn\/","name":"DD Hospitality","isPartOf":{"@id":"https:\/\/ddhospitality.vn\/#website"},"datePublished":"2026-02-09T07:42:50+00:00","dateModified":"2026-03-06T04:39:49+00:00","description":"Tri\u1ebft l\u00fd c\u1ee7a DDH t\u1eadp trung v\u00e0o vi\u1ec7c t\u1ea1o ra nh\u1eefng kh\u00f4ng gian b\u1ec1n v\u1eefng th\u00f4ng qua th\u1ef1c h\u00e0nh c\u00f3 tr\u00e1ch nhi\u1ec7m v\u00e0 thi\u1ebft k\u1ebf cao c\u1ea5p.","breadcrumb":{"@id":"https:\/\/ddhospitality.vn\/#breadcrumb"},"inLanguage":"en-US","potentialAction":[{"@type":"ReadAction","target":["https:\/\/ddhospitality.vn\/"]}]},{"@type":"BreadcrumbList","@id":"https:\/\/ddhospitality.vn\/#breadcrumb","itemListElement":[{"@type":"ListItem","position":1,"name":"Trang ch\u1ee7","item":"https:\/\/ddhospitality.vn\/"},{"@type":"ListItem","position":2,"name":"Trang ch\u1ee7"}]},{"@type":"WebSite","@id":"https:\/\/ddhospitality.vn\/#website","url":"https:\/\/ddhospitality.vn\/","name":"DD Hospitality","description":"","potentialAction":[{"@type":"SearchAction","target":{"@type":"EntryPoint","urlTemplate":"https:\/\/ddhospitality.vn\/?s={search_term_string}"},"query-input":"required name=search_term_string"}],"inLanguage":"en-US"}]}},"_links":{"self":[{"href":"https:\/\/ddhospitality.vn\/en\/wp-json\/wp\/v2\/pages\/26","targetHints":{"allow":["GET"]}}],"collection":[{"href":"https:\/\/ddhospitality.vn\/en\/wp-json\/wp\/v2\/pages"}],"about":[{"href":"https:\/\/ddhospitality.vn\/en\/wp-json\/wp\/v2\/types\/page"}],"author":[{"embeddable":true,"href":"https:\/\/ddhospitality.vn\/en\/wp-json\/wp\/v2\/users\/1"}],"replies":[{"embeddable":true,"href":"https:\/\/ddhospitality.vn\/en\/wp-json\/wp\/v2\/comments?post=26"}],"version-history":[{"count":11,"href":"https:\/\/ddhospitality.vn\/en\/wp-json\/wp\/v2\/pages\/26\/revisions"}],"predecessor-version":[{"id":285,"href":"https:\/\/ddhospitality.vn\/en\/wp-json\/wp\/v2\/pages\/26\/revisions\/285"}],"wp:featuredmedia":[{"embeddable":true,"href":"https:\/\/ddhospitality.vn\/en\/wp-json\/wp\/v2\/media\/265"}],"wp:attachment":[{"href":"https:\/\/ddhospitality.vn\/en\/wp-json\/wp\/v2\/media?parent=26"}],"curies":[{"name":"wp","href":"https:\/\/api.w.org\/{rel}","templated":true}]}}